{"id":438,"date":"2023-09-12T07:55:24","date_gmt":"2023-09-12T07:55:24","guid":{"rendered":"https:\/\/demo29.zumm.info\/?page_id=438"},"modified":"2023-09-12T10:16:07","modified_gmt":"2023-09-12T10:16:07","slug":"politika-kolacica","status":"publish","type":"page","link":"https:\/\/projektimontaza-kovacec.hr\/index.php\/politika-kolacica\/","title":{"rendered":"Politika kola\u010di\u0107a"},"content":{"rendered":"<style>.elementor-438 .elementor-element.elementor-element-e04d6f1{margin-top:200px;margin-bottom:200px;}.elementor-438 .elementor-element.elementor-element-79c8a35{text-align:center;}@media(max-width:767px){.elementor-438 .elementor-element.elementor-element-79c8a35 .elementor-heading-title{font-size:25px;}}<\/style>\t\t<div data-elementor-type=\"wp-page\" data-elementor-id=\"438\" class=\"elementor elementor-438\" data-elementor-post-type=\"page\">\n\t\t\t\t\t\t<section class=\"elementor-section elementor-top-section elementor-element elementor-element-e04d6f1 elementor-section-boxed elementor-section-height-default elementor-section-height-default\" data-id=\"e04d6f1\" data-element_type=\"section\" data-e-type=\"section\">\n\t\t\t\t\t\t<div class=\"elementor-container elementor-column-gap-default\">\n\t\t\t\t\t<div class=\"elementor-column elementor-col-100 elementor-top-column elementor-element elementor-element-8fb6ed3\" data-id=\"8fb6ed3\" data-element_type=\"column\" data-e-type=\"column\">\n\t\t\t<div class=\"elementor-widget-wrap elementor-element-populated\">\n\t\t\t\t\t\t<div class=\"elementor-element elementor-element-79c8a35 elementor-widget elementor-widget-heading\" data-id=\"79c8a35\" data-element_type=\"widget\" data-e-type=\"widget\" data-widget_type=\"heading.default\">\n\t\t\t\t<div class=\"elementor-widget-container\">\n\t\t\t\t\t<h2 class=\"elementor-heading-title elementor-size-default\">POLITIKA KOLA\u010cI\u0106A<\/h2>\t\t\t\t<\/div>\n\t\t\t\t<\/div>\n\t\t\t\t<div class=\"elementor-element elementor-element-4b02cde elementor-widget elementor-widget-text-editor\" data-id=\"4b02cde\" data-element_type=\"widget\" data-e-type=\"widget\" data-widget_type=\"text-editor.default\">\n\t\t\t\t<div class=\"elementor-widget-container\">\n\t\t\t\t\t\t\t\t\t<p><strong>Izjava o kola\u010di\u0107ima<\/strong><\/p><p>Ovim vas putem \u017eelimo obavijestiti o kori\u0161tenju kola\u010di\u0107a na web stranici projektimontaza-kovacec.hr i mogu\u0107em prikupljanju osobnih podataka putem istih prilikom posjete stranici.<br \/><br \/><\/p><p><strong>\u0160to su kola\u010di\u0107i?<\/strong><\/p><p>Kola\u010di\u0107i i srodne tehnologije (pikseli, beaconi) mali su tekstni dokumenti koje mi ili tre\u0107a strana postavlja na va\u0161e ra\u010dunalo kad posjetite na\u0161u web-stranicu. Prvenstveno slu\u017ee za identifikaciju korisnika (tj. jeste li nas prije posjetili), za pohranu postavki (poput izgleda stranice) i omogu\u0107avanje funkcionalnosti. Kola\u010di\u0107i tako\u0111er omogu\u0107uju analizu kori\u0161tenja web-stranice i pobolj\u0161anje razine usluge.<\/p><p><strong>Mo\u017eemo prikupljati sljede\u0107e podatke:<\/strong><\/p><ul><li>Anonimizirani oblik IP adrese<\/li><li>Datum pristupa<\/li><li>ID sesije<\/li><li>Referrer URL<\/li><li>Informacije o pregledniku i operacijskom sustavu<\/li><\/ul><p>Va\u0161e osobne podatke ne proslje\u0111ujemo u tre\u0107e zemlje koje nisu obuhva\u0107ene odlukama adekvatnosti Europske komisije ili \u0160titom privatnosti (odlukom o prijenosu podataka izme\u0111u SAD-a i EU-a koja propisuje razinu za\u0161tite ekvivalentnu onoj EU-a). Podaci o posjeti i identifikatori mogu se slati u Nizozemsku (Google) te SAD i Irsku (Facebook).<br \/><br \/><\/p><p><strong>Kola\u010di\u0107i koje koristimo:<\/strong><\/p><p>Google<\/p><p>Ovi se kola\u010di\u0107i koriste za identifikaciju korisnika, prilago\u0111avanje oglasa, ubrzavanje usluge, za\u0161titu od ra\u010dunalnih napada i analitiku. Kola\u010di\u0107i koji se koriste:<\/p><ul><li>1P_JAR, APISID, CONSENT, GAPS, HSID, LSID, NID (6 mjeseci), SAPISID, SID, SIDCC, SID, SMSV, SSID<\/li><\/ul><p>Za vi\u0161e informacija pro\u010ditajte Googleovu\u00a0<a href=\"https:\/\/policies.google.com\/technologies\/types\">politiku o kola\u010di\u0107ima<\/a>. Isklju\u010diti Google Analytics servis mo\u017eete i\u00a0<a href=\"https:\/\/tools.google.com\/dlpage\/gaoptout\">ovdje<\/a>.<\/p><p>U svakom trenutku u svojem pregledniku mo\u017eete isklju\u010diti primanje kola\u010di\u0107a tre\u0107e strane, \u010dime prestajete primati i gore navedene kola\u010di\u0107e. Kola\u010di\u0107e tre\u0107e strane mo\u017eete isklju\u010diti i\u00a0<a href=\"http:\/\/www.youronlinechoices.eu\/\">ovdje<\/a>. Upamtite da bi u slu\u010daju isklju\u010divanja kola\u010di\u0107a neki elementi web stranice mogli prestati funkcionirati.<\/p><p>PHPSESSID<\/p><p>Ovi kola\u010di\u0107i slu\u017ee za pohranu korisni\u010dkih postavki i sadr\u017eaja ko\u0161arice prilikom posjete web stranici. Nakon isteka sesije oni se bri\u0161u.<\/p><p>Ogla\u0161iva\u010dki kola\u010di\u0107i tre\u0107ih strana<\/p><p>Koristimo se uslugama tre\u0107ih strana kako bismo objavili oglase koji se temelje na interesima korisnika koji su prethodno posjetili stranicu projektimontaza-kovacec.hr, a koji se utvr\u0111uju temeljem njihovog internetskog pretra\u017eivanja.<\/p><p>Ti kola\u010di\u0107i prikupljaju demografske podatke i\/ili podatke na stranicama koje su korisnici posjetili, proizvode koje su pogledali i konverzije koje su napravili kao rezultat ogla\u0161iva\u010dkih kampanja.<\/p><p>\u00a0<\/p><p>Primjerice, ovi kola\u010di\u0107i koriste se kako bi se:<\/p><ul><li>utvrdio broj korisnika koji su pregledali uslugu nakon klikanja na oglas<\/li><li>prikazali oglasi koji su prilago\u0111eni korisnikovom demografskom profilu ili se baziraju na njihovim specifi\u010dnim interesima, uklju\u010duju\u0107i tu i oglase<\/li><li>na drugim stranicama na drugim stranicama prikazali oglasi vezani uz usluge koje je korisnik pregledavao na stranici<\/li><li>izbjeglo ponovno prikazivanje oglasa koje su korisnici ve\u0107 vidjeli<\/li><\/ul><p><br \/><strong>Koristimo sljede\u0107e ogla\u0161iva\u010dke kola\u010di\u0107e:<\/strong><\/p><p>Pru\u017eatelj usluge:\u00a0Google Ads<\/p><p>Kola\u010di\u0107i: _gads i _gac<\/p><p>Pravila privatnosti mo\u017eete prona\u0107i na sljede\u0107oj poveznici: https:\/\/www.google.com\/intl\/hr\/policies\/privacy\/<\/p><p>Obrazac za pristanak mo\u017eete prona\u0107i na sljede\u0107oj poveznici: https:\/\/adssettings.google.com\/anonymous?hl=hr<\/p><p>Pru\u017eatelj usluge:\u00a0Facebook (Facebook Pixel)<\/p><p>Kola\u010di\u0107i: c_user, datr, sb, pl, sb, fr, s, wd, locale, csm, x-src, xs, tr<\/p><p>Pravila privatnosti mo\u017eete prona\u0107i na sljede\u0107oj poveznici: https:\/\/www.facebook.com\/privacy\/explanation<\/p><p>Obrazac za pristanak mo\u017eete prona\u0107i na sljede\u0107oj poveznici: https:\/\/www.facebook.com\/ads\/preferences\/<\/p><p><br \/><strong>Koliko dugo kola\u010di\u0107i ostaju pohranjeni?<\/strong><\/p><p>Sesijski kola\u010di\u0107i automatski se bri\u0161u \u010dim iza\u0111ete iz preglednika.<\/p><p>Kola\u010di\u0107e koji nisu nu\u017eni ne postavljamo bez prethodne privole.<br \/><br \/><\/p><p><strong>Upravljanje kola\u010di\u0107ima<\/strong><\/p><p>Pohranu \u010dak i nu\u017enih kola\u010di\u0107a mo\u017eete isklju\u010diti u postavkama preglednika, no u tome slu\u010daju web-stranica mo\u017eda ne\u0107e funkcionirati. Za vi\u0161e informacija pro\u010ditajte upute koje dolaze uz preglednik. Ako isklju\u010dite postavljanje svih kola\u010di\u0107a, neki aspekti web-stranice mo\u017eda vi\u0161e ne\u0107e funkcionirati. \u00a0<\/p><p>Kola\u010di\u0107e ogla\u0161iva\u010da tre\u0107e strane mo\u017eete isklju\u010diti odlaskom na web-stranicu\u00a0<a href=\"http:\/\/youronlinechoices.eu\/\">Your Online Choices<\/a>. Ta isklju\u010denja vrijede za preglednik u kojem ste ih izvr\u0161ili, va\u017ee za sve stranice, i traju dok ne obri\u0161ete kola\u010di\u0107e. Odjavu s Google Analyticsa mo\u017eete obaviti i ovdje:\u00a0<a href=\"https:\/\/tools.google.com\/dlpage\/gaoptout\">http:\/\/tools.google.com\/dlpage\/gaoptout<\/a><\/p><p>\u00a0<\/p><p><strong>Kontakt<\/strong><\/p><p>Ako imate ikakvih pitanja vezanih uz ovu izjavu o kola\u010di\u0107ima, slobodno nam se obratite na:<\/p><p>E-MAIL: projekt.montaza.kovacec@gmail.com<\/p><p>MOBITEL: +385 (0) 91 273 4030<\/p><p>ADRESA: Podgaj Petrovski 69, 49234 Podgaj Petrovski\u00a0<\/p>\t\t\t\t\t\t\t\t<\/div>\n\t\t\t\t<\/div>\n\t\t\t\t\t<\/div>\n\t\t<\/div>\n\t\t\t\t\t<\/div>\n\t\t<\/section>\n\t\t\t\t<\/div>\n\t\t","protected":false},"excerpt":{"rendered":"<p>POLITIKA KOLA\u010cI\u0106A Izjava o kola\u010di\u0107ima Ovim vas putem \u017eelimo obavijestiti o kori\u0161tenju kola\u010di\u0107a na web stranici projektimontaza-kovacec.hr i mogu\u0107em prikupljanju osobnih podataka putem istih prilikom posjete stranici. \u0160to su kola\u010di\u0107i? Kola\u010di\u0107i i srodne tehnologije (pikseli, beaconi) mali su tekstni dokumenti koje mi ili tre\u0107a strana postavlja na va\u0161e ra\u010dunalo kad posjetite na\u0161u web-stranicu. Prvenstveno slu\u017ee [&hellip;]<\/p>\n","protected":false},"author":1,"featured_media":0,"parent":0,"menu_order":0,"comment_status":"closed","ping_status":"closed","template":"","meta":{"ocean_post_layout":"","ocean_both_sidebars_style":"","ocean_both_sidebars_content_width":0,"ocean_both_sidebars_sidebars_width":0,"ocean_sidebar":"0","ocean_second_sidebar":"0","ocean_disable_margins":"enable","ocean_add_body_class":"","ocean_shortcode_before_top_bar":"","ocean_shortcode_after_top_bar":"","ocean_shortcode_before_header":"","ocean_shortcode_after_header":"","ocean_has_shortcode":"","ocean_shortcode_after_title":"","ocean_shortcode_before_footer_widgets":"","ocean_shortcode_after_footer_widgets":"","ocean_shortcode_before_footer_bottom":"","ocean_shortcode_after_footer_bottom":"","ocean_display_top_bar":"default","ocean_display_header":"default","ocean_header_style":"","ocean_center_header_left_menu":"0","ocean_custom_header_template":"0","ocean_custom_logo":0,"ocean_custom_retina_logo":0,"ocean_custom_logo_max_width":0,"ocean_custom_logo_tablet_max_width":0,"ocean_custom_logo_mobile_max_width":0,"ocean_custom_logo_max_height":0,"ocean_custom_logo_tablet_max_height":0,"ocean_custom_logo_mobile_max_height":0,"ocean_header_custom_menu":"0","ocean_menu_typo_font_family":"0","ocean_menu_typo_font_subset":"","ocean_menu_typo_font_size":0,"ocean_menu_typo_font_size_tablet":0,"ocean_menu_typo_font_size_mobile":0,"ocean_menu_typo_font_size_unit":"px","ocean_menu_typo_font_weight":"","ocean_menu_typo_font_weight_tablet":"","ocean_menu_typo_font_weight_mobile":"","ocean_menu_typo_transform":"","ocean_menu_typo_transform_tablet":"","ocean_menu_typo_transform_mobile":"","ocean_menu_typo_line_height":0,"ocean_menu_typo_line_height_tablet":0,"ocean_menu_typo_line_height_mobile":0,"ocean_menu_typo_line_height_unit":"","ocean_menu_typo_spacing":0,"ocean_menu_typo_spacing_tablet":0,"ocean_menu_typo_spacing_mobile":0,"ocean_menu_typo_spacing_unit":"","ocean_menu_link_color":"","ocean_menu_link_color_hover":"","ocean_menu_link_color_active":"","ocean_menu_link_background":"","ocean_menu_link_hover_background":"","ocean_menu_link_active_background":"","ocean_menu_social_links_bg":"","ocean_menu_social_hover_links_bg":"","ocean_menu_social_links_color":"","ocean_menu_social_hover_links_color":"","ocean_disable_title":"default","ocean_disable_heading":"default","ocean_post_title":"","ocean_post_subheading":"","ocean_post_title_style":"","ocean_post_title_background_color":"","ocean_post_title_background":0,"ocean_post_title_bg_image_position":"","ocean_post_title_bg_image_attachment":"","ocean_post_title_bg_image_repeat":"","ocean_post_title_bg_image_size":"","ocean_post_title_height":0,"ocean_post_title_bg_overlay":0.5,"ocean_post_title_bg_overlay_color":"","ocean_disable_breadcrumbs":"default","ocean_breadcrumbs_color":"","ocean_breadcrumbs_separator_color":"","ocean_breadcrumbs_links_color":"","ocean_breadcrumbs_links_hover_color":"","ocean_display_footer_widgets":"default","ocean_display_footer_bottom":"default","ocean_custom_footer_template":"0","footnotes":""},"class_list":["post-438","page","type-page","status-publish","hentry","entry"],"_links":{"self":[{"href":"https:\/\/projektimontaza-kovacec.hr\/index.php\/wp-json\/wp\/v2\/pages\/438","targetHints":{"allow":["GET"]}}],"collection":[{"href":"https:\/\/projektimontaza-kovacec.hr\/index.php\/wp-json\/wp\/v2\/pages"}],"about":[{"href":"https:\/\/projektimontaza-kovacec.hr\/index.php\/wp-json\/wp\/v2\/types\/page"}],"author":[{"embeddable":true,"href":"https:\/\/projektimontaza-kovacec.hr\/index.php\/wp-json\/wp\/v2\/users\/1"}],"replies":[{"embeddable":true,"href":"https:\/\/projektimontaza-kovacec.hr\/index.php\/wp-json\/wp\/v2\/comments?post=438"}],"version-history":[{"count":10,"href":"https:\/\/projektimontaza-kovacec.hr\/index.php\/wp-json\/wp\/v2\/pages\/438\/revisions"}],"predecessor-version":[{"id":448,"href":"https:\/\/projektimontaza-kovacec.hr\/index.php\/wp-json\/wp\/v2\/pages\/438\/revisions\/448"}],"wp:attachment":[{"href":"https:\/\/projektimontaza-kovacec.hr\/index.php\/wp-json\/wp\/v2\/media?parent=438"}],"curies":[{"name":"wp","href":"https:\/\/api.w.org\/{rel}","templated":true}]}}