{"id":17,"date":"2023-08-06T14:24:10","date_gmt":"2023-08-06T14:24:10","guid":{"rendered":"https:\/\/demo29.zumm.info\/?page_id=17"},"modified":"2025-11-15T13:37:11","modified_gmt":"2025-11-15T13:37:11","slug":"kontakt","status":"publish","type":"page","link":"https:\/\/projektimontaza-kovacec.hr\/index.php\/kontakt\/","title":{"rendered":"Kontakt"},"content":{"rendered":"<style>.elementor-17 .elementor-element.elementor-element-5f8e171b:not(.elementor-motion-effects-element-type-background), .elementor-17 .elementor-element.elementor-element-5f8e171b > .elementor-motion-effects-container > .elementor-motion-effects-layer{background-image:url(\"https:\/\/projektimontaza-kovacec.hr\/wp-content\/uploads\/2023\/09\/20200807_160316-1-scaled.jpg\");background-position:center center;background-repeat:no-repeat;background-size:cover;}.elementor-17 .elementor-element.elementor-element-5f8e171b > .elementor-background-overlay{background-color:var( --e-global-color-text );opacity:0.52;transition:background 0.3s, border-radius 0.3s, opacity 0.3s;}.elementor-17 .elementor-element.elementor-element-5f8e171b{transition:background 0.3s, border 0.3s, border-radius 0.3s, box-shadow 0.3s;padding:180px 0px 180px 0px;}.elementor-17 .elementor-element.elementor-element-18342c0e > .elementor-element-populated{padding:0px 5px 0px 5px;}.elementor-17 .elementor-element.elementor-element-77f8dd44{text-align:center;}.elementor-17 .elementor-element.elementor-element-77f8dd44 > .elementor-widget-container{margin:0% 0% 0% 0%;}.elementor-17 .elementor-element.elementor-element-4b7cce91{padding:100px 0px 30px 0px;}.elementor-17 .elementor-element.elementor-element-788f2dce{text-align:center;}.elementor-17 .elementor-element.elementor-element-788f2dce .elementor-heading-title{font-size:40px;}.elementor-17 .elementor-element.elementor-element-6f588cc3{text-align:center;font-size:15px;font-weight:400;}.elementor-17 .elementor-element.elementor-element-6f588cc3 > .elementor-widget-container{padding:0% 0% 0% 0%;}.elementor-17 .elementor-element.elementor-element-4784fe9a{padding:50px 0px 100px 0px;}.elementor-17 .elementor-element.elementor-element-6408cce8 .elementor-heading-title{font-size:25px;}.elementor-17 .elementor-element.elementor-element-68331b30 .elementor-icon-list-icon i{color:var( --e-global-color-primary );transition:color 0.3s;}.elementor-17 .elementor-element.elementor-element-68331b30 .elementor-icon-list-icon svg{fill:var( --e-global-color-primary );transition:fill 0.3s;}.elementor-17 .elementor-element.elementor-element-68331b30{--e-icon-list-icon-size:14px;--icon-vertical-offset:0px;}.elementor-17 .elementor-element.elementor-element-68331b30 .elementor-icon-list-text{transition:color 0.3s;}.elementor-17 .elementor-element.elementor-element-68609354 .elementor-icon-list-icon i{color:var( --e-global-color-primary );transition:color 0.3s;}.elementor-17 .elementor-element.elementor-element-68609354 .elementor-icon-list-icon svg{fill:var( --e-global-color-primary );transition:fill 0.3s;}.elementor-17 .elementor-element.elementor-element-68609354{--e-icon-list-icon-size:14px;--icon-vertical-offset:0px;}.elementor-17 .elementor-element.elementor-element-68609354 .elementor-icon-list-text{transition:color 0.3s;}.elementor-17 .elementor-element.elementor-element-78877630{text-align:center;}.elementor-17 .elementor-element.elementor-element-78877630 .elementor-heading-title{font-size:25px;}.elementor-17 .elementor-element.elementor-element-5e3ba5cc{text-align:center;}.elementor-17 .elementor-element.elementor-element-5e3ba5cc .elementor-heading-title{font-size:25px;}.elementor-17 .elementor-element.elementor-element-12b55887 .elementor-icon-list-icon i{color:var( --e-global-color-primary );transition:color 0.3s;}.elementor-17 .elementor-element.elementor-element-12b55887 .elementor-icon-list-icon svg{fill:var( --e-global-color-primary );transition:fill 0.3s;}.elementor-17 .elementor-element.elementor-element-12b55887{--e-icon-list-icon-size:14px;--icon-vertical-offset:0px;}.elementor-17 .elementor-element.elementor-element-12b55887 .elementor-icon-list-text{color:var( --e-global-color-text );transition:color 0.3s;}.elementor-17 .elementor-element.elementor-element-37908c5c iframe{height:400px;}@media(min-width:768px){.elementor-17 .elementor-element.elementor-element-4ce86f0b{width:39.999%;}.elementor-17 .elementor-element.elementor-element-423dfa90{width:26.305%;}}@media(min-width:1025px){.elementor-17 .elementor-element.elementor-element-5f8e171b:not(.elementor-motion-effects-element-type-background), .elementor-17 .elementor-element.elementor-element-5f8e171b > .elementor-motion-effects-container > .elementor-motion-effects-layer{background-attachment:scroll;}}@media(max-width:1024px){.elementor-17 .elementor-element.elementor-element-5f8e171b{padding:185px 13px 130px 13px;}.elementor-17 .elementor-element.elementor-element-4b7cce91{padding:100px 10px 30px 10px;}.elementor-17 .elementor-element.elementor-element-4784fe9a{padding:50px 10px 100px 10px;}.elementor-17 .elementor-element.elementor-element-69b32bf5{padding:0px 10px 0px 10px;}}@media(max-width:767px){.elementor-17 .elementor-element.elementor-element-5f8e171b:not(.elementor-motion-effects-element-type-background), .elementor-17 .elementor-element.elementor-element-5f8e171b > .elementor-motion-effects-container > .elementor-motion-effects-layer{background-image:url(\"https:\/\/projektimontaza-kovacec.hr\/wp-content\/uploads\/2023\/09\/20200807_160316-1-scaled.jpg\");}.elementor-17 .elementor-element.elementor-element-5f8e171b{padding:180px 0px 180px 0px;}.elementor-17 .elementor-element.elementor-element-77f8dd44 > .elementor-widget-container{margin:50px 0px 0px 0px;}.elementor-17 .elementor-element.elementor-element-4b7cce91{padding:20px 10px 20px 10px;}.elementor-17 .elementor-element.elementor-element-788f2dce .elementor-heading-title{font-size:30px;line-height:1.2em;letter-spacing:-2.6px;word-spacing:0.1em;}.elementor-17 .elementor-element.elementor-element-6f588cc3{font-size:15px;}.elementor-17 .elementor-element.elementor-element-6f588cc3 > .elementor-widget-container{padding:0px 0px 0px 0px;}.elementor-17 .elementor-element.elementor-element-4784fe9a{padding:0px 0px 0px 0px;}.elementor-17 .elementor-element.elementor-element-6408cce8{text-align:center;}.elementor-17 .elementor-element.elementor-element-78877630 > .elementor-widget-container{margin:30px 0px 0px 0px;}.elementor-17 .elementor-element.elementor-element-5e3ba5cc{text-align:center;}.elementor-17 .elementor-element.elementor-element-5e3ba5cc > .elementor-widget-container{margin:40px 0px 0px 0px;}.elementor-17 .elementor-element.elementor-element-12b55887 > .elementor-widget-container{padding:0px 0px 20px 0px;}.elementor-17 .elementor-element.elementor-element-69b32bf5{padding:0px 0px 0px 0px;}.elementor-17 .elementor-element.elementor-element-37908c5c iframe{height:200px;}}<\/style>\t\t<div data-elementor-type=\"wp-page\" data-elementor-id=\"17\" class=\"elementor elementor-17\" data-elementor-post-type=\"page\">\n\t\t\t\t\t\t<section class=\"elementor-section elementor-top-section elementor-element elementor-element-5f8e171b elementor-section-boxed elementor-section-height-default elementor-section-height-default\" data-id=\"5f8e171b\" data-element_type=\"section\" data-e-type=\"section\" data-settings=\"{&quot;background_background&quot;:&quot;classic&quot;}\">\n\t\t\t\t\t\t\t<div class=\"elementor-background-overlay\"><\/div>\n\t\t\t\t\t\t\t<div class=\"elementor-container elementor-column-gap-default\">\n\t\t\t\t\t<div class=\"elementor-column elementor-col-100 elementor-top-column elementor-element elementor-element-18342c0e\" data-id=\"18342c0e\" data-element_type=\"column\" data-e-type=\"column\">\n\t\t\t<div class=\"elementor-widget-wrap elementor-element-populated\">\n\t\t\t\t\t\t<div class=\"elementor-element elementor-element-77f8dd44 elementor-invisible elementor-widget elementor-widget-heading\" data-id=\"77f8dd44\" data-element_type=\"widget\" data-e-type=\"widget\" data-settings=\"{&quot;_animation&quot;:&quot;fadeInUp&quot;}\" data-widget_type=\"heading.default\">\n\t\t\t\t<div class=\"elementor-widget-container\">\n\t\t\t\t\t<h1 class=\"elementor-heading-title elementor-size-default\">Kontakt<\/h1>\t\t\t\t<\/div>\n\t\t\t\t<\/div>\n\t\t\t\t\t<\/div>\n\t\t<\/div>\n\t\t\t\t\t<\/div>\n\t\t<\/section>\n\t\t\t\t<section class=\"elementor-section elementor-top-section elementor-element elementor-element-4b7cce91 elementor-section-boxed elementor-section-height-default elementor-section-height-default\" data-id=\"4b7cce91\" data-element_type=\"section\" data-e-type=\"section\">\n\t\t\t\t\t\t<div class=\"elementor-container elementor-column-gap-default\">\n\t\t\t\t\t<div class=\"elementor-column elementor-col-100 elementor-top-column elementor-element elementor-element-585aeaf5\" data-id=\"585aeaf5\" data-element_type=\"column\" data-e-type=\"column\">\n\t\t\t<div class=\"elementor-widget-wrap elementor-element-populated\">\n\t\t\t\t\t\t<div class=\"elementor-element elementor-element-788f2dce elementor-widget elementor-widget-heading\" data-id=\"788f2dce\" data-element_type=\"widget\" data-e-type=\"widget\" data-widget_type=\"heading.default\">\n\t\t\t\t<div class=\"elementor-widget-container\">\n\t\t\t\t\t<h2 class=\"elementor-heading-title elementor-size-default\">Spremni smo na va\u0161e zahtjeve. Javite nam se.<\/h2>\t\t\t\t<\/div>\n\t\t\t\t<\/div>\n\t\t\t\t<div class=\"elementor-element elementor-element-6f588cc3 elementor-widget elementor-widget-text-editor\" data-id=\"6f588cc3\" data-element_type=\"widget\" data-e-type=\"widget\" data-widget_type=\"text-editor.default\">\n\t\t\t\t<div class=\"elementor-widget-container\">\n\t\t\t\t\t\t\t\t\t<p>Ostvarite Va\u0161 savr\u0161eni krov s nama. Kontaktirajte nas danas i podijelite svoje \u017eelje i potrebe. Zajedno \u0107emo stvoriti krov ba\u0161 onako kako ste zamislili.<\/p>\t\t\t\t\t\t\t\t<\/div>\n\t\t\t\t<\/div>\n\t\t\t\t\t<\/div>\n\t\t<\/div>\n\t\t\t\t\t<\/div>\n\t\t<\/section>\n\t\t\t\t<section class=\"elementor-section elementor-top-section elementor-element elementor-element-4784fe9a elementor-section-boxed elementor-section-height-default elementor-section-height-default\" data-id=\"4784fe9a\" data-element_type=\"section\" data-e-type=\"section\">\n\t\t\t\t\t\t<div class=\"elementor-container elementor-column-gap-default\">\n\t\t\t\t\t<div class=\"elementor-column elementor-col-33 elementor-top-column elementor-element elementor-element-31841ba9\" data-id=\"31841ba9\" data-element_type=\"column\" data-e-type=\"column\">\n\t\t\t<div class=\"elementor-widget-wrap elementor-element-populated\">\n\t\t\t\t\t\t<div class=\"elementor-element elementor-element-6408cce8 elementor-widget elementor-widget-heading\" data-id=\"6408cce8\" data-element_type=\"widget\" data-e-type=\"widget\" data-widget_type=\"heading.default\">\n\t\t\t\t<div class=\"elementor-widget-container\">\n\t\t\t\t\t<h5 class=\"elementor-heading-title elementor-size-default\">Kontakt i podaci: <\/h5>\t\t\t\t<\/div>\n\t\t\t\t<\/div>\n\t\t\t\t<div class=\"elementor-element elementor-element-68331b30 elementor-icon-list--layout-traditional elementor-list-item-link-full_width elementor-widget elementor-widget-icon-list\" data-id=\"68331b30\" data-element_type=\"widget\" data-e-type=\"widget\" data-widget_type=\"icon-list.default\">\n\t\t\t\t<div class=\"elementor-widget-container\">\n\t\t\t\t\t\t\t<ul class=\"elementor-icon-list-items\">\n\t\t\t\t\t\t\t<li class=\"elementor-icon-list-item\">\n\t\t\t\t\t\t\t\t\t\t\t<span class=\"elementor-icon-list-icon\">\n\t\t\t\t\t\t\t<i aria-hidden=\"true\" class=\"jki jki-phone-solid\"><\/i>\t\t\t\t\t\t<\/span>\n\t\t\t\t\t\t\t\t\t\t<span class=\"elementor-icon-list-text\">+385 (0) 91 273 4030<\/span>\n\t\t\t\t\t\t\t\t\t<\/li>\n\t\t\t\t\t\t\t\t<li class=\"elementor-icon-list-item\">\n\t\t\t\t\t\t\t\t\t\t\t<span class=\"elementor-icon-list-icon\">\n\t\t\t\t\t\t\t<i aria-hidden=\"true\" class=\"jki jki-envelope-solid\"><\/i>\t\t\t\t\t\t<\/span>\n\t\t\t\t\t\t\t\t\t\t<span class=\"elementor-icon-list-text\">projekt.montaza.kovacec@gmail.com<\/span>\n\t\t\t\t\t\t\t\t\t<\/li>\n\t\t\t\t\t\t\t\t<li class=\"elementor-icon-list-item\">\n\t\t\t\t\t\t\t\t\t\t\t<span class=\"elementor-icon-list-icon\">\n\t\t\t\t\t\t\t<i aria-hidden=\"true\" class=\"jki jki-map-pin-line\"><\/i>\t\t\t\t\t\t<\/span>\n\t\t\t\t\t\t\t\t\t\t<span class=\"elementor-icon-list-text\">Podgaj Petrovski 69, 49234 Podgaj Petrovski<\/span>\n\t\t\t\t\t\t\t\t\t<\/li>\n\t\t\t\t\t\t<\/ul>\n\t\t\t\t\t\t<\/div>\n\t\t\t\t<\/div>\n\t\t\t\t<div class=\"elementor-element elementor-element-68609354 elementor-icon-list--layout-traditional elementor-list-item-link-full_width elementor-widget elementor-widget-icon-list\" data-id=\"68609354\" data-element_type=\"widget\" data-e-type=\"widget\" data-widget_type=\"icon-list.default\">\n\t\t\t\t<div class=\"elementor-widget-container\">\n\t\t\t\t\t\t\t<ul class=\"elementor-icon-list-items\">\n\t\t\t\t\t\t\t<li class=\"elementor-icon-list-item\">\n\t\t\t\t\t\t\t\t\t\t<span class=\"elementor-icon-list-text\">PROJEKT I MONTA\u017dA KOVA\u010cEC d.o.o.<\/span>\n\t\t\t\t\t\t\t\t\t<\/li>\n\t\t\t\t\t\t\t\t<li class=\"elementor-icon-list-item\">\n\t\t\t\t\t\t\t\t\t\t<span class=\"elementor-icon-list-text\">OIB: 10765718135<\/span>\n\t\t\t\t\t\t\t\t\t<\/li>\n\t\t\t\t\t\t<\/ul>\n\t\t\t\t\t\t<\/div>\n\t\t\t\t<\/div>\n\t\t\t\t\t<\/div>\n\t\t<\/div>\n\t\t\t\t<div class=\"elementor-column elementor-col-33 elementor-top-column elementor-element elementor-element-4ce86f0b\" data-id=\"4ce86f0b\" data-element_type=\"column\" data-e-type=\"column\">\n\t\t\t<div class=\"elementor-widget-wrap elementor-element-populated\">\n\t\t\t\t\t\t<div class=\"elementor-element elementor-element-78877630 elementor-widget elementor-widget-heading\" data-id=\"78877630\" data-element_type=\"widget\" data-e-type=\"widget\" data-widget_type=\"heading.default\">\n\t\t\t\t<div class=\"elementor-widget-container\">\n\t\t\t\t\t<h5 class=\"elementor-heading-title elementor-size-default\">Kontakt forma:<\/h5>\t\t\t\t<\/div>\n\t\t\t\t<\/div>\n\t\t\t\t<div class=\"elementor-element elementor-element-f063d80 elementor-widget elementor-widget-shortcode\" data-id=\"f063d80\" data-element_type=\"widget\" data-e-type=\"widget\" data-widget_type=\"shortcode.default\">\n\t\t\t\t<div class=\"elementor-widget-container\">\n\t\t\t\t\t\t\t<div class=\"elementor-shortcode\">\n<div class=\"wpcf7 no-js\" id=\"wpcf7-f618-o1\" lang=\"en-US\" dir=\"ltr\" data-wpcf7-id=\"618\">\n<div class=\"screen-reader-response\"><p role=\"status\" aria-live=\"polite\" aria-atomic=\"true\"><\/p> <ul><\/ul><\/div>\n<form action=\"\/index.php\/wp-json\/wp\/v2\/pages\/17#wpcf7-f618-o1\" method=\"post\" class=\"wpcf7-form init\" aria-label=\"Contact form\" novalidate=\"novalidate\" data-status=\"init\">\n<fieldset class=\"hidden-fields-container\"><input type=\"hidden\" name=\"_wpcf7\" value=\"618\" \/><input type=\"hidden\" name=\"_wpcf7_version\" value=\"6.1.5\" \/><input type=\"hidden\" name=\"_wpcf7_locale\" value=\"en_US\" \/><input type=\"hidden\" name=\"_wpcf7_unit_tag\" value=\"wpcf7-f618-o1\" \/><input type=\"hidden\" name=\"_wpcf7_container_post\" value=\"0\" \/><input type=\"hidden\" name=\"_wpcf7_posted_data_hash\" value=\"\" \/>\n<\/fieldset>\n<p><label> <span class=\"wpcf7-form-control-wrap\" data-name=\"your-name\"><input size=\"40\" maxlength=\"400\" class=\"wpcf7-form-control wpcf7-text wpcf7-validates-as-required\" aria-required=\"true\" aria-invalid=\"false\" placeholder=\"Unesite ime\" value=\"\" type=\"text\" name=\"your-name\" \/><\/span> <\/label>\n<\/p>\n<p><label> <span class=\"wpcf7-form-control-wrap\" data-name=\"your-email\"><input size=\"40\" maxlength=\"400\" class=\"wpcf7-form-control wpcf7-email wpcf7-validates-as-required wpcf7-text wpcf7-validates-as-email\" aria-required=\"true\" aria-invalid=\"false\" placeholder=\"email\" value=\"\" type=\"email\" name=\"your-email\" \/><\/span> <\/label>\n<\/p>\n<p><label> <span class=\"wpcf7-form-control-wrap\" data-name=\"your-subject\"><input size=\"40\" maxlength=\"400\" class=\"wpcf7-form-control wpcf7-text wpcf7-validates-as-required\" aria-required=\"true\" aria-invalid=\"false\" placeholder=\"Naslov\" value=\"\" type=\"text\" name=\"your-subject\" \/><\/span> <\/label>\n<\/p>\n<p><label> <span class=\"wpcf7-form-control-wrap\" data-name=\"your-message\"><textarea cols=\"40\" rows=\"10\" maxlength=\"2000\" class=\"wpcf7-form-control wpcf7-textarea\" aria-invalid=\"false\" placeholder=\"Va\u0161a poruka\" name=\"your-message\"><\/textarea><\/span> <\/label>\n<\/p>\n<p><span class=\"wpcf7-form-control-wrap\" data-name=\"acceptance-400\"><span class=\"wpcf7-form-control wpcf7-acceptance\"><span class=\"wpcf7-list-item\"><label><input type=\"checkbox\" name=\"acceptance-400\" value=\"1\" aria-invalid=\"false\" \/><span class=\"wpcf7-list-item-label\">Pro\u010ditao\/la sam i prihva\u0107am Pravila privatnosti.<\/span><\/label><\/span><\/span><\/span>\n<\/p>\n<p><input class=\"wpcf7-form-control wpcf7-submit has-spinner big-btn\" type=\"submit\" value=\"PO\u0160ALJI\" \/>\n<\/p><div class=\"wpcf7-response-output\" aria-hidden=\"true\"><\/div>\n<\/form>\n<\/div>\n<\/div>\n\t\t\t\t\t\t<\/div>\n\t\t\t\t<\/div>\n\t\t\t\t\t<\/div>\n\t\t<\/div>\n\t\t\t\t<div class=\"elementor-column elementor-col-33 elementor-top-column elementor-element elementor-element-423dfa90\" data-id=\"423dfa90\" data-element_type=\"column\" data-e-type=\"column\">\n\t\t\t<div class=\"elementor-widget-wrap elementor-element-populated\">\n\t\t\t\t\t\t<div class=\"elementor-element elementor-element-5e3ba5cc elementor-widget elementor-widget-heading\" data-id=\"5e3ba5cc\" data-element_type=\"widget\" data-e-type=\"widget\" data-widget_type=\"heading.default\">\n\t\t\t\t<div class=\"elementor-widget-container\">\n\t\t\t\t\t<h5 class=\"elementor-heading-title elementor-size-default\">Dru\u0161tvene mre\u017ee<\/h5>\t\t\t\t<\/div>\n\t\t\t\t<\/div>\n\t\t\t\t<div class=\"elementor-element elementor-element-12b55887 elementor-mobile-align-center elementor-align-center elementor-icon-list--layout-traditional elementor-list-item-link-full_width elementor-widget elementor-widget-icon-list\" data-id=\"12b55887\" data-element_type=\"widget\" data-e-type=\"widget\" data-widget_type=\"icon-list.default\">\n\t\t\t\t<div class=\"elementor-widget-container\">\n\t\t\t\t\t\t\t<ul class=\"elementor-icon-list-items\">\n\t\t\t\t\t\t\t<li class=\"elementor-icon-list-item\">\n\t\t\t\t\t\t\t\t\t\t\t<a href=\"#\">\n\n\t\t\t\t\t\t\t\t\t\t\t\t<span class=\"elementor-icon-list-icon\">\n\t\t\t\t\t\t\t<i aria-hidden=\"true\" class=\"jki jki-facebook-line\"><\/i>\t\t\t\t\t\t<\/span>\n\t\t\t\t\t\t\t\t\t\t<span class=\"elementor-icon-list-text\">Facebook<\/span>\n\t\t\t\t\t\t\t\t\t\t\t<\/a>\n\t\t\t\t\t\t\t\t\t<\/li>\n\t\t\t\t\t\t<\/ul>\n\t\t\t\t\t\t<\/div>\n\t\t\t\t<\/div>\n\t\t\t\t\t<\/div>\n\t\t<\/div>\n\t\t\t\t\t<\/div>\n\t\t<\/section>\n\t\t\t\t<section class=\"elementor-section elementor-top-section elementor-element elementor-element-69b32bf5 elementor-section-full_width elementor-section-height-default elementor-section-height-default\" data-id=\"69b32bf5\" data-element_type=\"section\" data-e-type=\"section\">\n\t\t\t\t\t\t<div class=\"elementor-container elementor-column-gap-default\">\n\t\t\t\t\t<div class=\"elementor-column elementor-col-100 elementor-top-column elementor-element elementor-element-4edb7ab7\" data-id=\"4edb7ab7\" data-element_type=\"column\" data-e-type=\"column\">\n\t\t\t<div class=\"elementor-widget-wrap elementor-element-populated\">\n\t\t\t\t\t\t<div class=\"elementor-element elementor-element-37908c5c elementor-widget elementor-widget-google_maps\" data-id=\"37908c5c\" data-element_type=\"widget\" data-e-type=\"widget\" data-widget_type=\"google_maps.default\">\n\t\t\t\t<div class=\"elementor-widget-container\">\n\t\t\t\t\t\t\t<div class=\"elementor-custom-embed\">\n\t\t\t<iframe loading=\"lazy\"\n\t\t\t\t\tsrc=\"https:\/\/maps.google.com\/maps?q=Podgaj%20Petrovski%2069%2C%2049234%20Podgaj%20Petrovski&#038;t=m&#038;z=10&#038;output=embed&#038;iwloc=near\"\n\t\t\t\t\ttitle=\"Podgaj Petrovski 69, 49234 Podgaj Petrovski\"\n\t\t\t\t\taria-label=\"Podgaj Petrovski 69, 49234 Podgaj Petrovski\"\n\t\t\t><\/iframe>\n\t\t<\/div>\n\t\t\t\t\t\t<\/div>\n\t\t\t\t<\/div>\n\t\t\t\t\t<\/div>\n\t\t<\/div>\n\t\t\t\t\t<\/div>\n\t\t<\/section>\n\t\t\t\t<\/div>\n\t\t","protected":false},"excerpt":{"rendered":"<p>Kontakt Spremni smo na va\u0161e zahtjeve. Javite nam se. Ostvarite Va\u0161 savr\u0161eni krov s nama. Kontaktirajte nas danas i podijelite svoje \u017eelje i potrebe. Zajedno \u0107emo stvoriti krov ba\u0161 onako kako ste zamislili. Kontakt i podaci: +385 (0) 91 273 4030 projekt.montaza.kovacec@gmail.com Podgaj Petrovski 69, 49234 Podgaj Petrovski PROJEKT I MONTA\u017dA KOVA\u010cEC d.o.o. OIB: 10765718135 [&hellip;]<\/p>\n","protected":false},"author":1,"featured_media":0,"parent":0,"menu_order":0,"comment_status":"closed","ping_status":"closed","template":"","meta":{"ocean_post_layout":"","ocean_both_sidebars_style":"","ocean_both_sidebars_content_width":0,"ocean_both_sidebars_sidebars_width":0,"ocean_sidebar":"0","ocean_second_sidebar":"0","ocean_disable_margins":"enable","ocean_add_body_class":"","ocean_shortcode_before_top_bar":"","ocean_shortcode_after_top_bar":"","ocean_shortcode_before_header":"","ocean_shortcode_after_header":"","ocean_has_shortcode":"","ocean_shortcode_after_title":"","ocean_shortcode_before_footer_widgets":"","ocean_shortcode_after_footer_widgets":"","ocean_shortcode_before_footer_bottom":"","ocean_shortcode_after_footer_bottom":"","ocean_display_top_bar":"default","ocean_display_header":"default","ocean_header_style":"","ocean_center_header_left_menu":"0","ocean_custom_header_template":"0","ocean_custom_logo":0,"ocean_custom_retina_logo":0,"ocean_custom_logo_max_width":0,"ocean_custom_logo_tablet_max_width":0,"ocean_custom_logo_mobile_max_width":0,"ocean_custom_logo_max_height":0,"ocean_custom_logo_tablet_max_height":0,"ocean_custom_logo_mobile_max_height":0,"ocean_header_custom_menu":"0","ocean_menu_typo_font_family":"0","ocean_menu_typo_font_subset":"","ocean_menu_typo_font_size":0,"ocean_menu_typo_font_size_tablet":0,"ocean_menu_typo_font_size_mobile":0,"ocean_menu_typo_font_size_unit":"px","ocean_menu_typo_font_weight":"","ocean_menu_typo_font_weight_tablet":"","ocean_menu_typo_font_weight_mobile":"","ocean_menu_typo_transform":"","ocean_menu_typo_transform_tablet":"","ocean_menu_typo_transform_mobile":"","ocean_menu_typo_line_height":0,"ocean_menu_typo_line_height_tablet":0,"ocean_menu_typo_line_height_mobile":0,"ocean_menu_typo_line_height_unit":"","ocean_menu_typo_spacing":0,"ocean_menu_typo_spacing_tablet":0,"ocean_menu_typo_spacing_mobile":0,"ocean_menu_typo_spacing_unit":"","ocean_menu_link_color":"","ocean_menu_link_color_hover":"","ocean_menu_link_color_active":"","ocean_menu_link_background":"","ocean_menu_link_hover_background":"","ocean_menu_link_active_background":"","ocean_menu_social_links_bg":"","ocean_menu_social_hover_links_bg":"","ocean_menu_social_links_color":"","ocean_menu_social_hover_links_color":"","ocean_disable_title":"default","ocean_disable_heading":"default","ocean_post_title":"","ocean_post_subheading":"","ocean_post_title_style":"","ocean_post_title_background_color":"","ocean_post_title_background":0,"ocean_post_title_bg_image_position":"","ocean_post_title_bg_image_attachment":"","ocean_post_title_bg_image_repeat":"","ocean_post_title_bg_image_size":"","ocean_post_title_height":0,"ocean_post_title_bg_overlay":0.5,"ocean_post_title_bg_overlay_color":"","ocean_disable_breadcrumbs":"default","ocean_breadcrumbs_color":"","ocean_breadcrumbs_separator_color":"","ocean_breadcrumbs_links_color":"","ocean_breadcrumbs_links_hover_color":"","ocean_display_footer_widgets":"default","ocean_display_footer_bottom":"default","ocean_custom_footer_template":"0","footnotes":""},"class_list":["post-17","page","type-page","status-publish","hentry","entry"],"_links":{"self":[{"href":"https:\/\/projektimontaza-kovacec.hr\/index.php\/wp-json\/wp\/v2\/pages\/17","targetHints":{"allow":["GET"]}}],"collection":[{"href":"https:\/\/projektimontaza-kovacec.hr\/index.php\/wp-json\/wp\/v2\/pages"}],"about":[{"href":"https:\/\/projektimontaza-kovacec.hr\/index.php\/wp-json\/wp\/v2\/types\/page"}],"author":[{"embeddable":true,"href":"https:\/\/projektimontaza-kovacec.hr\/index.php\/wp-json\/wp\/v2\/users\/1"}],"replies":[{"embeddable":true,"href":"https:\/\/projektimontaza-kovacec.hr\/index.php\/wp-json\/wp\/v2\/comments?post=17"}],"version-history":[{"count":64,"href":"https:\/\/projektimontaza-kovacec.hr\/index.php\/wp-json\/wp\/v2\/pages\/17\/revisions"}],"predecessor-version":[{"id":626,"href":"https:\/\/projektimontaza-kovacec.hr\/index.php\/wp-json\/wp\/v2\/pages\/17\/revisions\/626"}],"wp:attachment":[{"href":"https:\/\/projektimontaza-kovacec.hr\/index.php\/wp-json\/wp\/v2\/media?parent=17"}],"curies":[{"name":"wp","href":"https:\/\/api.w.org\/{rel}","templated":true}]}}