{"id":15,"date":"2023-08-06T14:23:57","date_gmt":"2023-08-06T14:23:57","guid":{"rendered":"https:\/\/demo29.zumm.info\/?page_id=15"},"modified":"2023-09-11T09:55:55","modified_gmt":"2023-09-11T09:55:55","slug":"o-nama","status":"publish","type":"page","link":"https:\/\/projektimontaza-kovacec.hr\/index.php\/o-nama\/","title":{"rendered":"O nama"},"content":{"rendered":"<style>.elementor-15 .elementor-element.elementor-element-2e3f322 > .elementor-background-overlay{background-color:var( --e-global-color-text );opacity:0.5;}.elementor-15 .elementor-element.elementor-element-35ceef77:not(.elementor-motion-effects-element-type-background), .elementor-15 .elementor-element.elementor-element-35ceef77 > .elementor-motion-effects-container > .elementor-motion-effects-layer{background-image:url(\"https:\/\/projektimontaza-kovacec.hr\/wp-content\/uploads\/2023\/09\/20230717_164051-scaled.jpg\");background-position:center center;background-repeat:no-repeat;background-size:cover;}.elementor-15 .elementor-element.elementor-element-35ceef77 > .elementor-background-overlay{background-color:var( --e-global-color-text );opacity:0.5;transition:background 0.3s, border-radius 0.3s, opacity 0.3s;}.elementor-15 .elementor-element.elementor-element-35ceef77{transition:background 0.3s, border 0.3s, border-radius 0.3s, box-shadow 0.3s;padding:180px 0px 180px 0px;}.elementor-15 .elementor-element.elementor-element-3fce1bd8 > .elementor-element-populated{padding:0px 5px 0px 5px;}.elementor-15 .elementor-element.elementor-element-43dad29d{text-align:center;}.elementor-15 .elementor-element.elementor-element-43dad29d > .elementor-widget-container{margin:0% 0% 0% 0%;}.elementor-15 .elementor-element.elementor-element-14e086a5:not(.elementor-motion-effects-element-type-background), .elementor-15 .elementor-element.elementor-element-14e086a5 > .elementor-motion-effects-container > .elementor-motion-effects-layer{background-color:#F6FBFF;}.elementor-15 .elementor-element.elementor-element-14e086a5{transition:background 0.3s, border 0.3s, border-radius 0.3s, box-shadow 0.3s;padding:100px 0px 100px 0px;}.elementor-15 .elementor-element.elementor-element-14e086a5 > .elementor-background-overlay{transition:background 0.3s, border-radius 0.3s, opacity 0.3s;}.elementor-15 .elementor-element.elementor-element-13b6c04e{text-align:center;}.elementor-15 .elementor-element.elementor-element-13b6c04e .elementor-heading-title{font-family:\"Sarabun\", Sans-serif;font-size:3.5rem;font-weight:700;line-height:1.2em;letter-spacing:1px;color:var( --e-global-color-secondary );}.elementor-15 .elementor-element.elementor-element-13b6c04e > .elementor-widget-container{margin:0px 0px 50px 0px;}.elementor-15 .elementor-element.elementor-element-42077443 > .elementor-element-populated{margin:0px 100px 0px 0px;--e-column-margin-right:100px;--e-column-margin-left:0px;}.elementor-15 .elementor-element.elementor-element-3eaa9a10 img{width:100%;max-width:100%;height:400px;border-radius:50% 50% 50% 50%;}@media(min-width:768px){.elementor-15 .elementor-element.elementor-element-956c705{width:50.965%;}.elementor-15 .elementor-element.elementor-element-42077443{width:48.991%;}}@media(max-width:1024px){.elementor-15 .elementor-element.elementor-element-35ceef77{padding:185px 13px 130px 13px;}.elementor-15 .elementor-element.elementor-element-14e086a5{padding:100px 10px 100px 10px;}}@media(max-width:767px){.elementor-15 .elementor-element.elementor-element-35ceef77{padding:180px 0px 180px 0px;}.elementor-15 .elementor-element.elementor-element-43dad29d > .elementor-widget-container{margin:50px 0px 0px 0px;}.elementor-15 .elementor-element.elementor-element-14e086a5{padding:30px 0px 0px 0px;}.elementor-15 .elementor-element.elementor-element-13b6c04e > .elementor-widget-container{margin:0px 0px 20px 0px;}.elementor-15 .elementor-element.elementor-element-42077443 > .elementor-element-populated{margin:0px 0px 0px 0px;--e-column-margin-right:0px;--e-column-margin-left:0px;}.elementor-15 .elementor-element.elementor-element-3eaa9a10 img{max-width:100%;height:300px;}.elementor-15 .elementor-element.elementor-element-3eaa9a10 > .elementor-widget-container{margin:0px 0px 50px 0px;}}@media(min-width:1025px){.elementor-15 .elementor-element.elementor-element-35ceef77:not(.elementor-motion-effects-element-type-background), .elementor-15 .elementor-element.elementor-element-35ceef77 > .elementor-motion-effects-container > .elementor-motion-effects-layer{background-attachment:scroll;}}<\/style>\t\t<div data-elementor-type=\"wp-page\" data-elementor-id=\"15\" class=\"elementor elementor-15\" data-elementor-post-type=\"page\">\n\t\t\t\t\t\t<section class=\"elementor-section elementor-top-section elementor-element elementor-element-2e3f322 elementor-section-boxed elementor-section-height-default elementor-section-height-default\" data-id=\"2e3f322\" data-element_type=\"section\" data-e-type=\"section\">\n\t\t\t\t\t\t\t<div class=\"elementor-background-overlay\"><\/div>\n\t\t\t\t\t\t\t<div class=\"elementor-container elementor-column-gap-default\">\n\t\t\t\t\t<div class=\"elementor-column elementor-col-100 elementor-top-column elementor-element elementor-element-1671a37\" data-id=\"1671a37\" data-element_type=\"column\" data-e-type=\"column\">\n\t\t\t<div class=\"elementor-widget-wrap\">\n\t\t\t\t\t\t\t<\/div>\n\t\t<\/div>\n\t\t\t\t\t<\/div>\n\t\t<\/section>\n\t\t\t\t<section class=\"elementor-section elementor-top-section elementor-element elementor-element-35ceef77 elementor-section-boxed elementor-section-height-default elementor-section-height-default\" data-id=\"35ceef77\" data-element_type=\"section\" data-e-type=\"section\" data-settings=\"{&quot;background_background&quot;:&quot;classic&quot;}\">\n\t\t\t\t\t\t\t<div class=\"elementor-background-overlay\"><\/div>\n\t\t\t\t\t\t\t<div class=\"elementor-container elementor-column-gap-default\">\n\t\t\t\t\t<div class=\"elementor-column elementor-col-100 elementor-top-column elementor-element elementor-element-3fce1bd8\" data-id=\"3fce1bd8\" data-element_type=\"column\" data-e-type=\"column\">\n\t\t\t<div class=\"elementor-widget-wrap elementor-element-populated\">\n\t\t\t\t\t\t<div class=\"elementor-element elementor-element-43dad29d elementor-invisible elementor-widget elementor-widget-heading\" data-id=\"43dad29d\" data-element_type=\"widget\" data-e-type=\"widget\" data-settings=\"{&quot;_animation&quot;:&quot;fadeInUp&quot;}\" data-widget_type=\"heading.default\">\n\t\t\t\t<div class=\"elementor-widget-container\">\n\t\t\t\t\t<h1 class=\"elementor-heading-title elementor-size-default\">O nama<\/h1>\t\t\t\t<\/div>\n\t\t\t\t<\/div>\n\t\t\t\t\t<\/div>\n\t\t<\/div>\n\t\t\t\t\t<\/div>\n\t\t<\/section>\n\t\t\t\t<section class=\"elementor-section elementor-top-section elementor-element elementor-element-14e086a5 elementor-section-boxed elementor-section-height-default elementor-section-height-default\" data-id=\"14e086a5\" data-element_type=\"section\" data-e-type=\"section\" data-settings=\"{&quot;background_background&quot;:&quot;classic&quot;}\">\n\t\t\t\t\t\t<div class=\"elementor-container elementor-column-gap-default\">\n\t\t\t\t\t<div class=\"elementor-column elementor-col-50 elementor-top-column elementor-element elementor-element-956c705\" data-id=\"956c705\" data-element_type=\"column\" data-e-type=\"column\">\n\t\t\t<div class=\"elementor-widget-wrap elementor-element-populated\">\n\t\t\t\t\t\t<div class=\"elementor-element elementor-element-13b6c04e elementor-invisible elementor-widget elementor-widget-heading\" data-id=\"13b6c04e\" data-element_type=\"widget\" data-e-type=\"widget\" data-settings=\"{&quot;_animation&quot;:&quot;fadeInLeft&quot;}\" data-widget_type=\"heading.default\">\n\t\t\t\t<div class=\"elementor-widget-container\">\n\t\t\t\t\t<h2 class=\"elementor-heading-title elementor-size-default\">Tko smo mi.<\/h2>\t\t\t\t<\/div>\n\t\t\t\t<\/div>\n\t\t\t\t<div class=\"elementor-element elementor-element-7ce757a elementor-widget elementor-widget-text-editor\" data-id=\"7ce757a\" data-element_type=\"widget\" data-e-type=\"widget\" data-widget_type=\"text-editor.default\">\n\t\t\t\t<div class=\"elementor-widget-container\">\n\t\t\t\t\t\t\t\t\t<p>Projekt i monta\u017ea Kova\u010dec na tr\u017ei\u0161tu postoji od 2016. godine. Mo\u017eemo se pohvaliti velikim brojem korisnika na\u0161ih usluga, kako na podru\u010dju Krapinsko-zagorske \u017eupanije, tako i terenskog rada u cijeloj Hrvatskoj i \u0161ire. Djelatnici u na\u0161em timu izvode bravarske i limarske radove. Cilj na\u0161eg poslovanja je stru\u010dno i profesionalno obavljanje dogovorenih poslova i zadovoljstvo na\u0161ih klijenata kona\u010dnim rezultatima. S bogatim iskustvom na\u0161ih zaposlenika u mogu\u0107nosti smo pru\u017eiti uslugu na visokom nivou kvalitete. Ako trebate poduze\u0107e koje \u0107e vam prije svega omogu\u0107iti prijatnu i sigurnu suradnju na pravom ste mjestu. Na vama je da nam se obratite sa povjerenjem a mi \u0107emo u\u010diuniti sve da ostvarimo i zadr\u017eimo va\u0161e zadovoljstvo.<\/p>\t\t\t\t\t\t\t\t<\/div>\n\t\t\t\t<\/div>\n\t\t\t\t\t<\/div>\n\t\t<\/div>\n\t\t\t\t<div class=\"elementor-column elementor-col-50 elementor-top-column elementor-element elementor-element-42077443\" data-id=\"42077443\" data-element_type=\"column\" data-e-type=\"column\">\n\t\t\t<div class=\"elementor-widget-wrap elementor-element-populated\">\n\t\t\t\t\t\t<div class=\"elementor-element elementor-element-3eaa9a10 elementor-widget elementor-widget-image\" data-id=\"3eaa9a10\" data-element_type=\"widget\" data-e-type=\"widget\" data-widget_type=\"image.default\">\n\t\t\t\t<div class=\"elementor-widget-container\">\n\t\t\t\t\t\t\t\t\t\t\t\t\t\t\t<img fetchpriority=\"high\" decoding=\"async\" width=\"2560\" height=\"1920\" src=\"https:\/\/projektimontaza-kovacec.hr\/wp-content\/uploads\/2023\/09\/20230329_174937-scaled.jpg\" class=\"attachment-full size-full wp-image-277\" alt=\"\" srcset=\"https:\/\/projektimontaza-kovacec.hr\/wp-content\/uploads\/2023\/09\/20230329_174937-scaled.jpg 2560w, https:\/\/projektimontaza-kovacec.hr\/wp-content\/uploads\/2023\/09\/20230329_174937-300x225.jpg 300w, https:\/\/projektimontaza-kovacec.hr\/wp-content\/uploads\/2023\/09\/20230329_174937-1024x768.jpg 1024w, https:\/\/projektimontaza-kovacec.hr\/wp-content\/uploads\/2023\/09\/20230329_174937-768x576.jpg 768w, https:\/\/projektimontaza-kovacec.hr\/wp-content\/uploads\/2023\/09\/20230329_174937-1536x1152.jpg 1536w, https:\/\/projektimontaza-kovacec.hr\/wp-content\/uploads\/2023\/09\/20230329_174937-2048x1536.jpg 2048w, https:\/\/projektimontaza-kovacec.hr\/wp-content\/uploads\/2023\/09\/20230329_174937-600x450.jpg 600w\" sizes=\"(max-width: 2560px) 100vw, 2560px\" \/>\t\t\t\t\t\t\t\t\t\t\t\t\t\t\t<\/div>\n\t\t\t\t<\/div>\n\t\t\t\t\t<\/div>\n\t\t<\/div>\n\t\t\t\t\t<\/div>\n\t\t<\/section>\n\t\t\t\t<\/div>\n\t\t","protected":false},"excerpt":{"rendered":"<p>O nama Tko smo mi. Projekt i monta\u017ea Kova\u010dec na tr\u017ei\u0161tu postoji od 2016. godine. Mo\u017eemo se pohvaliti velikim brojem korisnika na\u0161ih usluga, kako na podru\u010dju Krapinsko-zagorske \u017eupanije, tako i terenskog rada u cijeloj Hrvatskoj i \u0161ire. Djelatnici u na\u0161em timu izvode bravarske i limarske radove. Cilj na\u0161eg poslovanja je stru\u010dno i profesionalno obavljanje dogovorenih [&hellip;]<\/p>\n","protected":false},"author":1,"featured_media":0,"parent":0,"menu_order":0,"comment_status":"closed","ping_status":"closed","template":"","meta":{"ocean_post_layout":"","ocean_both_sidebars_style":"","ocean_both_sidebars_content_width":0,"ocean_both_sidebars_sidebars_width":0,"ocean_sidebar":"0","ocean_second_sidebar":"0","ocean_disable_margins":"enable","ocean_add_body_class":"","ocean_shortcode_before_top_bar":"","ocean_shortcode_after_top_bar":"","ocean_shortcode_before_header":"","ocean_shortcode_after_header":"","ocean_has_shortcode":"","ocean_shortcode_after_title":"","ocean_shortcode_before_footer_widgets":"","ocean_shortcode_after_footer_widgets":"","ocean_shortcode_before_footer_bottom":"","ocean_shortcode_after_footer_bottom":"","ocean_display_top_bar":"default","ocean_display_header":"default","ocean_header_style":"","ocean_center_header_left_menu":"0","ocean_custom_header_template":"0","ocean_custom_logo":0,"ocean_custom_retina_logo":0,"ocean_custom_logo_max_width":0,"ocean_custom_logo_tablet_max_width":0,"ocean_custom_logo_mobile_max_width":0,"ocean_custom_logo_max_height":0,"ocean_custom_logo_tablet_max_height":0,"ocean_custom_logo_mobile_max_height":0,"ocean_header_custom_menu":"0","ocean_menu_typo_font_family":"0","ocean_menu_typo_font_subset":"","ocean_menu_typo_font_size":0,"ocean_menu_typo_font_size_tablet":0,"ocean_menu_typo_font_size_mobile":0,"ocean_menu_typo_font_size_unit":"px","ocean_menu_typo_font_weight":"","ocean_menu_typo_font_weight_tablet":"","ocean_menu_typo_font_weight_mobile":"","ocean_menu_typo_transform":"","ocean_menu_typo_transform_tablet":"","ocean_menu_typo_transform_mobile":"","ocean_menu_typo_line_height":0,"ocean_menu_typo_line_height_tablet":0,"ocean_menu_typo_line_height_mobile":0,"ocean_menu_typo_line_height_unit":"","ocean_menu_typo_spacing":0,"ocean_menu_typo_spacing_tablet":0,"ocean_menu_typo_spacing_mobile":0,"ocean_menu_typo_spacing_unit":"","ocean_menu_link_color":"","ocean_menu_link_color_hover":"","ocean_menu_link_color_active":"","ocean_menu_link_background":"","ocean_menu_link_hover_background":"","ocean_menu_link_active_background":"","ocean_menu_social_links_bg":"","ocean_menu_social_hover_links_bg":"","ocean_menu_social_links_color":"","ocean_menu_social_hover_links_color":"","ocean_disable_title":"default","ocean_disable_heading":"default","ocean_post_title":"","ocean_post_subheading":"","ocean_post_title_style":"","ocean_post_title_background_color":"","ocean_post_title_background":0,"ocean_post_title_bg_image_position":"","ocean_post_title_bg_image_attachment":"","ocean_post_title_bg_image_repeat":"","ocean_post_title_bg_image_size":"","ocean_post_title_height":0,"ocean_post_title_bg_overlay":0.5,"ocean_post_title_bg_overlay_color":"","ocean_disable_breadcrumbs":"default","ocean_breadcrumbs_color":"","ocean_breadcrumbs_separator_color":"","ocean_breadcrumbs_links_color":"","ocean_breadcrumbs_links_hover_color":"","ocean_display_footer_widgets":"default","ocean_display_footer_bottom":"default","ocean_custom_footer_template":"0","footnotes":""},"class_list":["post-15","page","type-page","status-publish","hentry","entry"],"_links":{"self":[{"href":"https:\/\/projektimontaza-kovacec.hr\/index.php\/wp-json\/wp\/v2\/pages\/15","targetHints":{"allow":["GET"]}}],"collection":[{"href":"https:\/\/projektimontaza-kovacec.hr\/index.php\/wp-json\/wp\/v2\/pages"}],"about":[{"href":"https:\/\/projektimontaza-kovacec.hr\/index.php\/wp-json\/wp\/v2\/types\/page"}],"author":[{"embeddable":true,"href":"https:\/\/projektimontaza-kovacec.hr\/index.php\/wp-json\/wp\/v2\/users\/1"}],"replies":[{"embeddable":true,"href":"https:\/\/projektimontaza-kovacec.hr\/index.php\/wp-json\/wp\/v2\/comments?post=15"}],"version-history":[{"count":34,"href":"https:\/\/projektimontaza-kovacec.hr\/index.php\/wp-json\/wp\/v2\/pages\/15\/revisions"}],"predecessor-version":[{"id":425,"href":"https:\/\/projektimontaza-kovacec.hr\/index.php\/wp-json\/wp\/v2\/pages\/15\/revisions\/425"}],"wp:attachment":[{"href":"https:\/\/projektimontaza-kovacec.hr\/index.php\/wp-json\/wp\/v2\/media?parent=15"}],"curies":[{"name":"wp","href":"https:\/\/api.w.org\/{rel}","templated":true}]}}